{"id":1162,"date":"2017-05-06T21:02:18","date_gmt":"2017-05-06T19:02:18","guid":{"rendered":"http:\/\/www.sonormuseum.de\/?page_id=1162"},"modified":"2026-04-03T09:10:16","modified_gmt":"2026-04-03T07:10:16","slug":"sonor-museum","status":"publish","type":"page","link":"https:\/\/www.sonormuseum.de\/","title":{"rendered":"SONOR Museum"},"content":{"rendered":"<p>[et_pb_section fb_built=&#8220;1&#8243; admin_label=&#8220;section&#8220; _builder_version=&#8220;3.22&#8243;][et_pb_row admin_label=&#8220;row&#8220; _builder_version=&#8220;3.25&#8243; background_size=&#8220;initial&#8220; background_position=&#8220;top_left&#8220; background_repeat=&#8220;repeat&#8220;][et_pb_column type=&#8220;4_4&#8243; _builder_version=&#8220;3.0.47&#8243; custom_padding=&#8220;|||&#8220; custom_padding__hover=&#8220;|||&#8220;][et_pb_image src=&#8220;https:\/\/www.sonormuseum.de\/wp-content\/uploads\/2017\/05\/Schriftzung-Museum-1.png&#8220; align_tablet=&#8220;center&#8220; align_phone=&#8220;&#8220; align_last_edited=&#8220;on|desktop&#8220; _builder_version=&#8220;3.23&#8243; use_border_color=&#8220;off&#8220; border_color=&#8220;#ffffff&#8220; border_style=&#8220;solid&#8220; animation=&#8220;off&#8220; sticky=&#8220;off&#8220;]<\/p>\n<p>\n&nbsp;<\/p>\n<p>[\/et_pb_image][et_pb_text admin_label=&#8220;\u00dcberschrift&#8220; _builder_version=&#8220;4.6.6&#8243; background_size=&#8220;initial&#8220; background_position=&#8220;top_left&#8220; background_repeat=&#8220;repeat&#8220; collapsed=&#8220;on&#8220;]<\/p>\n<h3 data-start=\"131\" data-end=\"174\">Willkommen im virtuellen Sonor-Museum<\/h3>\n<p data-start=\"175\" data-end=\"228\"><strong data-start=\"175\" data-end=\"228\">Die Geschichte des Schlagzeugs \u2013 digital erlebbar<\/strong><\/p>\n<p data-start=\"230\" data-end=\"526\">Sch\u00f6n, dass Du da bist!<br data-start=\"253\" data-end=\"256\" \/>Tauche ein in die faszinierende Welt der <strong data-start=\"297\" data-end=\"318\">Sonor-Schlagzeuge<\/strong> \u2013 von den Anf\u00e4ngen im Jahr 1875 bis heute. In diesem virtuellen Museum erwartet Dich eine einzigartige Zeitreise durch die Geschichte einer der bekanntesten und traditionsreichsten Schlagzeugmarken.<\/p>\n<p data-start=\"528\" data-end=\"873\">Entdecke eine umfangreiche Sammlung historischer <strong data-start=\"577\" data-end=\"597\">Kataloge ab 1911<\/strong>, seltene <strong data-start=\"607\" data-end=\"626\">Zeitungsartikel<\/strong>, Werbematerialien, Fotografien und spannende Hintergrundinformationen rund um Sonor. Ob Du Sammler, Musikliebhaber, Historiker oder leidenschaftlicher Drummer bist \u2013 hier findest Du wertvolle Einblicke in die Entwicklung des modernen Schlagzeugs.<\/p>\n<p data-start=\"875\" data-end=\"1018\">Erfahre, wie Sonor \u00fcber Generationen hinweg Klang, Design und Handwerkskunst gepr\u00e4gt hat.<br data-start=\"964\" data-end=\"967\" \/><strong data-start=\"967\" data-end=\"1018\">Viel Freude beim St\u00f6bern, Forschen und Staunen!<\/strong><\/p>\n<p data-start=\"1020\" data-end=\"1047\">Dein Team des Sonor-Museums<\/p>\n<p>&nbsp;<\/p>\n<p>&nbsp;<\/p>\n<p><strong>Habt ihr Fragen, W\u00fcnsche, Anregungen, Kritik oder Fehler gefunden, k\u00f6nnen diese jetzt \u00fcber <a href=\"https:\/\/www.facebook.com\/groups\/615205225906107\/\">facebook<\/a> ausgetauscht\/mitgeteilt werden.<\/strong><\/p>\n<p>&nbsp;<\/p>\n<p>[\/et_pb_text][et_pb_divider color=&#8220;#f7e600&#8243; _builder_version=&#8220;3.19.17&#8243;][\/et_pb_divider][\/et_pb_column][\/et_pb_row][et_pb_row column_structure=&#8220;1_2,1_2&#8243; _builder_version=&#8220;3.25&#8243; background_size=&#8220;initial&#8220; background_position=&#8220;top_left&#8220; background_repeat=&#8220;repeat&#8220;][et_pb_column type=&#8220;1_2&#8243; _builder_version=&#8220;3.0.47&#8243; custom_padding=&#8220;|||&#8220; custom_padding__hover=&#8220;|||&#8220;][et_pb_text admin_label=&#8220;Aktualisierung&#8220; _builder_version=&#8220;4.6.6&#8243; hover_enabled=&#8220;0&#8243; sticky_enabled=&#8220;0&#8243;]<\/p>\n<h4>Letzte Aktualisierung: 03.04.2026<\/h4>\n<ul>\n<li>Kataloge 1980-1989<\/li>\n<li>Kataloge 1990-1999<\/li>\n<li>Kataloge 2000-2009<\/li>\n<li>Ersatzteile<\/li>\n<li>Kataloge 2020-2029<\/li>\n<li>News<\/li>\n<li>Badges<\/li>\n<li>Serientafel<\/li>\n<li>News<\/li>\n<li>Kataloge 2020-202<\/li>\n<\/ul>\n<p><span style=\"font-size: 8pt;\">(die letzten 10 \u00c4nderungen) Start der Seite 05.2017<\/span><\/p>\n<p>[\/et_pb_text][et_pb_text admin_label=&#8220;Mitarbeiter&#8220; _builder_version=&#8220;4.6.6&#8243; background_size=&#8220;initial&#8220; background_position=&#8220;top_left&#8220; background_repeat=&#8220;repeat&#8220; collapsed=&#8220;on&#8220;]<\/p>\n<p>Mitarbeit und Unterst\u00fctzung durch:<\/p>\n<ul>\n<li>Klaus Ruple<\/li>\n<li>Joachim Sponsel<\/li>\n<li>Herbert Heim<\/li>\n<li>Johannes Richter<\/li>\n<li>Andi (freak-928)<\/li>\n<li>Martin Jagusch<\/li>\n<li>Martin (Drumm.er)<\/li>\n<li>Kai Kessler, Ralf (R.a.l.f)<\/li>\n<li>Markus Einheuser<\/li>\n<li>Ronald Schreur<\/li>\n<li>Henk Hemelsoet<\/li>\n<li>Mick (King-Nicko)<\/li>\n<li>Karl-Heinz Menzel, Benni Becker sowie Martin Knebel der Firma SONOR<\/li>\n<li>ST-Drums, Jonas Stegner<\/li>\n<\/ul>\n<p>&nbsp;<\/p>\n<p><span style=\"color: #ffffff;\">Sonor Museum, Sonormuseum, Sonor, Sonor Schlagzeug, Sonor Hilite, Sonor Lite, Sonor Drums, Sonor Snare, Sonor Force, Sonor SQ2, Sonor Prolite, Sonor Vintage, Sonor Designer, Sonor Delite, Sonor Big Beat, Sonor Teardrop, Sonor Signature, Sonor S-Class, S-Classix, Sonor Phonic, Sonor Phonic plus, Sonor Info, Bad Berleburg, Wei\u00dfenfels<\/span><\/p>\n<p>[\/et_pb_text][\/et_pb_column][et_pb_column type=&#8220;1_2&#8243; _builder_version=&#8220;3.0.47&#8243; custom_padding=&#8220;|||&#8220; custom_padding__hover=&#8220;|||&#8220;][et_pb_text _builder_version=&#8220;4.6.6&#8243; _module_preset=&#8220;default&#8220;][\/et_pb_text][et_pb_image title_text=&#8220;308875640_504660594999670_2268641946398952208_n&#8220; url_new_window=&#8220;on&#8220; align_tablet=&#8220;center&#8220; align_phone=&#8220;&#8220; align_last_edited=&#8220;on|desktop&#8220; admin_label=&#8220;Foto&#8220; _builder_version=&#8220;4.6.6&#8243;][\/et_pb_image][\/et_pb_column][\/et_pb_row][et_pb_row column_structure=&#8220;2_3,1_3&#8243; _builder_version=&#8220;3.25&#8243;][et_pb_column type=&#8220;2_3&#8243; _builder_version=&#8220;3.0.47&#8243; custom_padding=&#8220;|||&#8220; custom_padding__hover=&#8220;|||&#8220;][et_pb_text admin_label=&#8220;Link&#8220; _builder_version=&#8220;4.6.6&#8243;]<\/p>\n<h3>Weitere interessante Seiten zum Thema Schlagzeug, Vintagedrums, SONOR&#8230;<\/h3>\n<table style=\"height: 171px; width: 94.31219861192157%; border-color: #fffae2; border-style: solid;\" width=\"570\">\n<tbody>\n<tr style=\"height: 25px;\">\n<td style=\"width: 44.66033096539907%; height: 10px;\">Klaus Ruple<\/td>\n<td style=\"width: 94.86012136068891%; height: 10px;\"><a href=\"http:\/\/www.sonor-vintage-weissenfels.net\" target=\"_blank\" rel=\"noopener noreferrer\">sonor-vintage-weissenfels.net<\/a><\/td>\n<\/tr>\n<tr style=\"height: 23px;\">\n<td style=\"width: 44.66033096539907%; height: 23px;\">Herbert Heim<\/td>\n<td style=\"width: 94.86012136068891%; height: 23px;\"><a href=\"http:\/\/www.hheim-vintagedrums.de\" target=\"_blank\" rel=\"noopener noreferrer\">hheim-vintagedrums.de<\/a><\/td>\n<\/tr>\n<tr style=\"height: 23px;\">\n<td style=\"width: 44.66033096539907%; height: 23px;\">Firma SONOR<\/td>\n<td style=\"width: 94.86012136068891%; height: 23px;\"><a href=\"https:\/\/www.sonor.com\" target=\"_blank\" rel=\"noopener noreferrer\">sonor.com<\/a><\/td>\n<\/tr>\n<tr style=\"height: 23px;\">\n<td style=\"width: 44.66033096539907%; height: 23px;\">Gerd Stegner<\/td>\n<td style=\"width: 94.86012136068891%; height: 23px;\"><a href=\"https:\/\/stdrums.com\" target=\"_blank\" rel=\"noopener noreferrer\">stdrums.com<\/a><\/td>\n<\/tr>\n<tr style=\"height: 23px;\">\n<td style=\"width: 44.66033096539907%; height: 23px;\">Markus Einheuser<\/td>\n<td style=\"width: 94.86012136068891%; height: 23px;\"><a href=\"http:\/\/www.sonor-mammut.de\/\" target=\"_blank\" rel=\"noopener noreferrer\">sonor-mammut.de<\/a><\/td>\n<\/tr>\n<tr style=\"height: 23px;\">\n<td style=\"width: 44.66033096539907%; height: 23px;\">Henk Hemelsoet<\/td>\n<td style=\"width: 94.86012136068891%; height: 23px;\"><a href=\"http:\/\/www.vintagesonordrums.com\" target=\"_blank\" rel=\"noopener noreferrer\">vintagesonordrums.com<\/a><\/td>\n<\/tr>\n<tr style=\"height: 23px;\">\n<td style=\"width: 44.66033096539907%; height: 23px;\">Uwe Okunick<\/td>\n<td style=\"width: 94.86012136068891%; height: 23px;\"><a href=\"http:\/\/www.sonor-signature.de\/\" target=\"_blank\" rel=\"noopener noreferrer\">sonor-signature.de<\/a><\/td>\n<\/tr>\n<tr style=\"height: 23px;\">\n<td style=\"width: 44.66033096539907%; height: 23px;\">Frank Baltes Oberfl\u00e4chentechnik<\/td>\n<td style=\"width: 94.86012136068891%; height: 23px;\"><a href=\"https:\/\/www.cromatura.de\" target=\"_blank\" rel=\"noopener noreferrer\">cromatura.de<\/a><\/td>\n<\/tr>\n<tr>\n<td style=\"width: 44.660331%;\">Tiem Wiggers &#8211; <strong>Sonor Vintage Parts<\/strong><\/td>\n<td style=\"width: 94.860121%;\"><a href=\"https:\/\/attw.de\">https:\/\/attw.de<\/a><\/td>\n<\/tr>\n<tr>\n<td style=\"width: 44.660331%;\">\u00a0<\/td>\n<td style=\"width: 94.860121%;\">\u00a0<\/td>\n<\/tr>\n<\/tbody>\n<\/table>\n<p>&nbsp;<\/p>\n<p>[\/et_pb_text][et_pb_text admin_label=&#8220;Kontakt&#8220; _builder_version=&#8220;3.27.4&#8243; background_size=&#8220;initial&#8220; background_position=&#8220;top_left&#8220; background_repeat=&#8220;repeat&#8220; collapsed=&#8220;on&#8220;]<\/p>\n<p>\n<img loading=\"lazy\" decoding=\"async\" class=\"alignnone size-medium wp-image-2795\" src=\"wp-content\/uploads\/2018\/05\/Kontakt_Sonormuseum-300x46.jpeg\" alt=\"\" width=\"300\" height=\"46\" srcset=\"https:\/\/www.sonormuseum.de\/wp-content\/uploads\/2018\/05\/Kontakt_Sonormuseum-300x46.jpeg 300w, https:\/\/www.sonormuseum.de\/wp-content\/uploads\/2018\/05\/Kontakt_Sonormuseum.jpeg 435w\" sizes=\"auto, (max-width: 300px) 100vw, 300px\" \/><\/p>\n<p><span style=\"color: #ffffff;\">Sonor Museum, Sonormuseum, Sonor, Sonor Schlagzeug, Sonor Hilite, Sonor Lite, Sonor Drums, Sonor Snare, Sonor Force, Sonor SQ2, Sonor Prolite, Sonor Vintage, Sonor Designer, Sonor Delite, Sonor Big Beat, Sonor Teardrop, Sonor Signature, Sonor S-Class, S-Classix, Sonor Phonic, Sonor Phonic plus, Sonor Info, Bad Berleburg, Wei\u00dfenfels<\/span><\/p>\n<p>[\/et_pb_text][\/et_pb_column][et_pb_column type=&#8220;1_3&#8243; _builder_version=&#8220;3.0.47&#8243; custom_padding=&#8220;|||&#8220; custom_padding__hover=&#8220;|||&#8220;][et_pb_text admin_label=&#8220;SONOR in Wei\u00dfenfels&#8220; _builder_version=&#8220;4.6.6&#8243; background_size=&#8220;initial&#8220; background_position=&#8220;top_left&#8220; background_repeat=&#8220;repeat&#8220; collapsed=&#8220;on&#8220;]<\/p>\n<h2 style=\"text-align: right;\"><strong><a href=\"https:\/\/www.sonormuseum.de\/wp-content\/uploads\/2022\/05\/Sonor_Buch_Inhalt_W.pdf\" target=\"_blank\" rel=\"noopener\">Vorschau ansehen?<\/a><\/strong><\/h2>\n<div id=\"attachment_3951\" style=\"width: 243px\" class=\"wp-caption alignright\"><a href=\"https:\/\/arps-verlag.com\/p\/sonor-in-weissenfels\" target=\"_blank\" rel=\"noopener noreferrer\"><img loading=\"lazy\" decoding=\"async\" aria-describedby=\"caption-attachment-3951\" class=\"wp-image-3951 size-medium\" src=\"https:\/\/www.sonormuseum.de\/wp-content\/uploads\/2019\/10\/image-233x300.jpeg\" alt=\"\" width=\"233\" height=\"300\" srcset=\"https:\/\/www.sonormuseum.de\/wp-content\/uploads\/2019\/10\/image-233x300.jpeg 233w, https:\/\/www.sonormuseum.de\/wp-content\/uploads\/2019\/10\/image-400x516.jpeg 400w, https:\/\/www.sonormuseum.de\/wp-content\/uploads\/2019\/10\/image.jpeg 466w\" sizes=\"auto, (max-width: 233px) 100vw, 233px\" \/><\/a><p id=\"caption-attachment-3951\" class=\"wp-caption-text\">Sonor in Weissenfels von Klaus Ruple<\/p><\/div>\n<p>&nbsp;<\/p>\n<p>&nbsp;<\/p>\n<p>[\/et_pb_text][et_pb_image src=&#8220;https:\/\/www.sonormuseum.de\/wp-content\/uploads\/2021\/11\/Knebel-BD_Logo-300&#215;300.png&#8220; title_text=&#8220;Knebel-BD_Logo&#8220; url=&#8220;https:\/\/www.sonormuseum.de\/wp-content\/uploads\/2021\/11\/Sonor_Martin_Knebel_Rente-2.pdf&#8220; url_new_window=&#8220;on&#8220; align_tablet=&#8220;center&#8220; align_phone=&#8220;&#8220; align_last_edited=&#8220;on|desktop&#8220; admin_label=&#8220;Knebel Ruhestand&#8220; _builder_version=&#8220;4.6.6&#8243;][\/et_pb_image][\/et_pb_column][\/et_pb_row][\/et_pb_section]<\/p>\n","protected":false},"excerpt":{"rendered":"<p>[et_pb_section fb_built=&#8220;1&#8243; admin_label=&#8220;section&#8220; _builder_version=&#8220;3.22&#8243;][et_pb_row admin_label=&#8220;row&#8220; _builder_version=&#8220;3.25&#8243; background_size=&#8220;initial&#8220; background_position=&#8220;top_left&#8220; background_repeat=&#8220;repeat&#8220;][et_pb_column type=&#8220;4_4&#8243; _builder_version=&#8220;3.0.47&#8243; custom_padding=&#8220;|||&#8220; custom_padding__hover=&#8220;|||&#8220;][et_pb_image src=&#8220;https:\/\/www.sonormuseum.de\/wp-content\/uploads\/2017\/05\/Schriftzung-Museum-1.png&#8220; align_tablet=&#8220;center&#8220; align_phone=&#8220;&#8220; align_last_edited=&#8220;on|desktop&#8220; _builder_version=&#8220;3.23&#8243; use_border_color=&#8220;off&#8220; border_color=&#8220;#ffffff&#8220; border_style=&#8220;solid&#8220; animation=&#8220;off&#8220; sticky=&#8220;off&#8220;] &nbsp; [\/et_pb_image][et_pb_text admin_label=&#8220;\u00dcberschrift&#8220; _builder_version=&#8220;4.6.6&#8243; background_size=&#8220;initial&#8220; background_position=&#8220;top_left&#8220; background_repeat=&#8220;repeat&#8220; collapsed=&#8220;on&#8220;] Willkommen im virtuellen Sonor-Museum Die Geschichte des Schlagzeugs \u2013 digital erlebbar Sch\u00f6n, dass Du da bist!Tauche ein in die faszinierende Welt der Sonor-Schlagzeuge \u2013 [&hellip;]<\/p>\n","protected":false},"author":1,"featured_media":0,"parent":0,"menu_order":0,"comment_status":"closed","ping_status":"closed","template":"","meta":{"_et_pb_use_builder":"on","_et_pb_old_content":"","_et_gb_content_width":"","footnotes":""},"class_list":["post-1162","page","type-page","status-publish","hentry"],"_links":{"self":[{"href":"https:\/\/www.sonormuseum.de\/index.php\/wp-json\/wp\/v2\/pages\/1162","targetHints":{"allow":["GET"]}}],"collection":[{"href":"https:\/\/www.sonormuseum.de\/index.php\/wp-json\/wp\/v2\/pages"}],"about":[{"href":"https:\/\/www.sonormuseum.de\/index.php\/wp-json\/wp\/v2\/types\/page"}],"author":[{"embeddable":true,"href":"https:\/\/www.sonormuseum.de\/index.php\/wp-json\/wp\/v2\/users\/1"}],"replies":[{"embeddable":true,"href":"https:\/\/www.sonormuseum.de\/index.php\/wp-json\/wp\/v2\/comments?post=1162"}],"version-history":[{"count":495,"href":"https:\/\/www.sonormuseum.de\/index.php\/wp-json\/wp\/v2\/pages\/1162\/revisions"}],"predecessor-version":[{"id":6944,"href":"https:\/\/www.sonormuseum.de\/index.php\/wp-json\/wp\/v2\/pages\/1162\/revisions\/6944"}],"wp:attachment":[{"href":"https:\/\/www.sonormuseum.de\/index.php\/wp-json\/wp\/v2\/media?parent=1162"}],"curies":[{"name":"wp","href":"https:\/\/api.w.org\/{rel}","templated":true}]}}